{"id":727,"date":"2014-02-05T19:55:18","date_gmt":"2014-02-05T18:55:18","guid":{"rendered":"http:\/\/www.artdelvitrall.com\/?page_id=727"},"modified":"2024-04-30T09:48:27","modified_gmt":"2024-04-30T07:48:27","slug":"curs-basic-de-confeccio-de-vitralls","status":"publish","type":"page","link":"https:\/\/www.artdelvitrall.com\/en\/cursos\/curs-basic-de-confeccio-de-vitralls\/","title":{"rendered":"(Catal\u00e0) Curs b\u00e0sic de confecci\u00f3 de vitralls"},"content":{"rendered":"<p class=\"qtranxs-available-languages-message qtranxs-available-languages-message-en\">Sorry, this entry is only available in <a href=\"https:\/\/www.artdelvitrall.com\/ca\/wp-json\/wp\/v2\/pages\/727\" class=\"qtranxs-available-language-link qtranxs-available-language-link-ca\" title=\"Catal\u00e0\">Catal\u00e0<\/a> and <a href=\"https:\/\/www.artdelvitrall.com\/es\/wp-json\/wp\/v2\/pages\/727\" class=\"qtranxs-available-language-link qtranxs-available-language-link-es\" title=\"Espa\u00f1ol\">Espa\u00f1ol<\/a>.<\/p>","protected":false},"excerpt":{"rendered":"<p>Sorry, this entry is only available in Catal\u00e0 and Espa\u00f1ol.<\/p>\n","protected":false},"author":1,"featured_media":0,"parent":23,"menu_order":0,"comment_status":"closed","ping_status":"open","template":"","meta":{"footnotes":""},"class_list":["post-727","page","type-page","status-publish","hentry"],"amp_enabled":true,"_links":{"self":[{"href":"https:\/\/www.artdelvitrall.com\/en\/wp-json\/wp\/v2\/pages\/727","targetHints":{"allow":["GET"]}}],"collection":[{"href":"https:\/\/www.artdelvitrall.com\/en\/wp-json\/wp\/v2\/pages"}],"about":[{"href":"https:\/\/www.artdelvitrall.com\/en\/wp-json\/wp\/v2\/types\/page"}],"author":[{"embeddable":true,"href":"https:\/\/www.artdelvitrall.com\/en\/wp-json\/wp\/v2\/users\/1"}],"replies":[{"embeddable":true,"href":"https:\/\/www.artdelvitrall.com\/en\/wp-json\/wp\/v2\/comments?post=727"}],"version-history":[{"count":8,"href":"https:\/\/www.artdelvitrall.com\/en\/wp-json\/wp\/v2\/pages\/727\/revisions"}],"predecessor-version":[{"id":1404,"href":"https:\/\/www.artdelvitrall.com\/en\/wp-json\/wp\/v2\/pages\/727\/revisions\/1404"}],"up":[{"embeddable":true,"href":"https:\/\/www.artdelvitrall.com\/en\/wp-json\/wp\/v2\/pages\/23"}],"wp:attachment":[{"href":"https:\/\/www.artdelvitrall.com\/en\/wp-json\/wp\/v2\/media?parent=727"}],"curies":[{"name":"wp","href":"https:\/\/api.w.org\/{rel}","templated":true}]}}